{"id":336,"date":"2019-12-16T13:17:46","date_gmt":"2019-12-16T12:17:46","guid":{"rendered":"https:\/\/www.hamditours.com\/circuit-ouarzazate-vallee-du-dades-et-kalaat-magouna"},"modified":"2019-12-20T01:58:33","modified_gmt":"2019-12-20T00:58:33","slug":"ouarzazate-vallee-du-dades-et-kalaat-magouna-tours","status":"publish","type":"page","link":"https:\/\/www.hamditours.com\/en\/ouarzazate-vallee-du-dades-et-kalaat-magouna-tours","title":{"rendered":"Ouarzazate vall\u00e9e du dad\u00e9s et Kalaat Magouna Tours"},"content":{"rendered":"<section class=\"l-section wpb_row height_medium\"><div class=\"l-section-h i-cf\"><div class=\"g-cols vc_row via_grid cols_1 laptops-cols_inherit tablets-cols_inherit mobiles-cols_1 valign_top type_default stacking_default\"><div class=\"wpb_column vc_column_container\"><div class=\"vc_column-inner\"><div class=\"wpb_text_column\"><div class=\"wpb_wrapper\"><h4 style=\"text-align: center;\"><strong><span style=\"color: #0079b2;\">Ouarzazate Vall\u00e9e du Dad\u00e9s et Kalaat Magouna Tour<\/span><\/strong><\/h4>\n<\/div><\/div><div class=\"ult-spacer spacer-69f1e8ec2d60c\" data-id=\"69f1e8ec2d60c\" data-height=\"20\" data-height-mobile=\"20\" data-height-tab=\"20\" data-height-tab-portrait=\"\" data-height-mobile-landscape=\"\" style=\"clear:both;display:block;\"><\/div><div class=\"g-cols wpb_row via_grid cols_3 laptops-cols_inherit tablets-cols_inherit mobiles-cols_1 valign_middle type_default stacking_default\" style=\"--gap:3rem;\"><div class=\"wpb_column vc_column_container\"><div class=\"vc_column-inner\"><div class=\"w-iconbox iconpos_left style_circle color_custom align_center\"><div class=\"w-iconbox-icon\" style=\"font-size:20px;--icon-color:#f5f5f5;--icon-bg-color:#0079b2;\"><i class=\"fas fa-clock\"><\/i><\/div><div class=\"w-iconbox-meta\"><h3 class=\"w-iconbox-title\" style=\"font-size:16px;\"><strong>Length of stay<\/strong><\/h3><div class=\"w-iconbox-text\"><div class=\"col-xs-6 col-lg-3 col-md-6\">\n<div class=\"item\">\n<div class=\"info\">\n<p class=\"value\">3\/2J<\/p>\n<\/div>\n<\/div>\n<\/div>\n<\/div><\/div><\/div><\/div><\/div><div class=\"wpb_column vc_column_container\"><div class=\"vc_column-inner\"><div class=\"w-iconbox iconpos_left style_circle color_custom align_center\"><div class=\"w-iconbox-icon\" style=\"font-size:20px;--icon-color:#f5f5f5;--icon-bg-color:#0079b2;\"><i class=\"material-icons\">group<\/i><\/div><div class=\"w-iconbox-meta\"><h3 class=\"w-iconbox-title\" style=\"font-size:16px;\"><strong>Group size<\/strong><\/h3><div class=\"w-iconbox-text\"><div class=\"col-xs-6 col-lg-3 col-md-6\">\n<div class=\"item\">\n<div class=\"info\">\n<div class=\"col-xs-6 col-lg-3 col-md-6\">\n<div class=\"item\">\n<div class=\"info\">\n<p class=\"value\">30 people<\/p>\n<\/div>\n<\/div>\n<\/div>\n<\/div>\n<\/div>\n<\/div>\n<\/div><\/div><\/div><\/div><\/div><div class=\"wpb_column vc_column_container\"><div class=\"vc_column-inner\"><div class=\"w-iconbox iconpos_left style_circle color_custom align_center\"><div class=\"w-iconbox-icon\" style=\"font-size:20px;--icon-color:#f5f5f5;--icon-bg-color:#0079b2;\"><i class=\"material-icons\">card_travel<\/i><\/div><div class=\"w-iconbox-meta\"><h3 class=\"w-iconbox-title\" style=\"font-size:16px;\"><strong> Destination <\/strong><\/h3><div class=\"w-iconbox-text\"><div class=\"col-xs-6 col-lg-3 col-md-6\">\n<div class=\"item\">\n<div class=\"info\">\n<div class=\"col-xs-6 col-lg-3 col-md-6\">\n<div class=\"item\">\n<div class=\"info\">\n<p class=\"value\">Ouarzazate<\/p>\n<\/div>\n<\/div>\n<\/div>\n<\/div>\n<\/div>\n<\/div>\n<\/div><\/div><\/div><\/div><\/div><\/div><div class=\"ult-spacer spacer-69f1e8ec2e118\" data-id=\"69f1e8ec2e118\" data-height=\"20\" data-height-mobile=\"20\" data-height-tab=\"20\" data-height-tab-portrait=\"\" data-height-mobile-landscape=\"\" style=\"clear:both;display:block;\"><\/div><div class=\"w-slider style_none fit_scaledown\"><div class=\"w-slider-h\"><div class=\"royalSlider\"><div class=\"rsContent\"><a class=\"rsImg\" data-rsw=\"800\" data-rsh=\"504\" href=\"https:\/\/www.hamditours.com\/images\/ouarzazate-02.jpg\"><span data-alt=\"\"><\/span><\/a><\/div><div class=\"rsContent\"><a class=\"rsImg\" data-rsw=\"800\" data-rsh=\"504\" href=\"https:\/\/www.hamditours.com\/images\/circuit-ouarzazate-01.jpg\"><span data-alt=\"\"><\/span><\/a><\/div><div class=\"rsContent\"><a class=\"rsImg\" data-rsw=\"800\" data-rsh=\"504\" href=\"https:\/\/www.hamditours.com\/images\/ouarzazate-03.jpg\"><span data-alt=\"\"><\/span><\/a><\/div><div class=\"rsContent\"><a class=\"rsImg\" data-rsw=\"800\" data-rsh=\"504\" href=\"https:\/\/www.hamditours.com\/images\/ouarzazate-04.jpg\"><span data-alt=\"\"><\/span><\/a><\/div><div class=\"rsContent\"><a class=\"rsImg\" data-rsw=\"800\" data-rsh=\"504\" href=\"https:\/\/www.hamditours.com\/images\/circuit-ouarzazate-02.jpg\"><span data-alt=\"\"><\/span><\/a><\/div><\/div><img decoding=\"async\" src=\"https:\/\/www.hamditours.com\/images\/ouarzazate-02.jpg\" width=\"800\" height=\"504\" alt loading=\"lazy\"><\/div><div class=\"w-slider-json\" onclick='return {&quot;autoScaleSlider&quot;:true,&quot;loop&quot;:true,&quot;fadeInLoadedSlide&quot;:false,&quot;slidesSpacing&quot;:0,&quot;imageScalePadding&quot;:0,&quot;numImagesToPreload&quot;:2,&quot;arrowsNav&quot;:true,&quot;arrowsNavAutoHide&quot;:false,&quot;transitionType&quot;:&quot;move&quot;,&quot;transitionSpeed&quot;:250,&quot;block&quot;:{&quot;moveEffect&quot;:&quot;none&quot;,&quot;speed&quot;:300},&quot;thumbs&quot;:{&quot;fitInViewport&quot;:false},&quot;controlNavigation&quot;:&quot;none&quot;,&quot;imageScaleMode&quot;:&quot;fit-if-smaller&quot;,&quot;autoScaleSliderWidth&quot;:800,&quot;autoScaleSliderHeight&quot;:504}'><\/div><\/div><div class=\"ult-spacer spacer-69f1e8ec2ef32\" data-id=\"69f1e8ec2ef32\" data-height=\"20\" data-height-mobile=\"20\" data-height-tab=\"20\" data-height-tab-portrait=\"\" data-height-mobile-landscape=\"\" style=\"clear:both;display:block;\"><\/div><div class=\"wpb_text_column\"><div class=\"wpb_wrapper\"><h4><strong>Description<\/strong><\/h4>\n<p style=\"text-align: justify;\">This dades valley and draa valley circuit, kalaat magouna from Errachidia in 3 days, is a pleasant circuit that will allow you to explore different places: dades valley, Todgha gorges, and Draa valley. You will discover the beauty of the Southeast region of Morocco, splendid villages, ancient Kasbahs and ksours.<\/p>\n<\/div><\/div><\/div><\/div><\/div><\/div><\/section>\n","protected":false},"excerpt":{"rendered":"Ouarzazate Vall\u00e9e du Dad\u00e9s et Kalaat Magouna Tour Length of stay 3\/2J groupGroup size 30 people card_travel Destination Ouarzazate Description This dades valley and draa valley circuit, kalaat magouna from Errachidia in 3 days, is a pleasant circuit that will allow you to explore different places: dades valley, Todgha gorges, and Draa valley. You will...","protected":false},"author":1,"featured_media":0,"parent":0,"menu_order":0,"comment_status":"closed","ping_status":"closed","template":"","meta":{"footnotes":""},"yoast_head":"<!-- This site is optimized with the Yoast SEO Premium plugin v22.0 (Yoast SEO v22.0) - https:\/\/yoast.com\/wordpress\/plugins\/seo\/ -->\n<title>Ouarzazate vall\u00e9e du dad\u00e9s et Kalaat Magouna Tours | Hamdi Tours - Agence de transport touristique \u00e0 Errachidia Maroc<\/title>\n<meta name=\"robots\" content=\"index, follow, max-snippet:-1, max-image-preview:large, max-video-preview:-1\" \/>\n<link rel=\"canonical\" href=\"https:\/\/www.hamditours.com\/circuit-ouarzazate-vallee-du-dades-et-kalaat-magouna\" \/>\n<meta property=\"og:locale\" content=\"en_US\" \/>\n<meta property=\"og:type\" content=\"article\" \/>\n<meta property=\"og:title\" content=\"Ouarzazate vall\u00e9e du dad\u00e9s et Kalaat Magouna Tours\" \/>\n<meta property=\"og:url\" content=\"https:\/\/www.hamditours.com\/circuit-ouarzazate-vallee-du-dades-et-kalaat-magouna\" \/>\n<meta property=\"og:site_name\" content=\"Hamdi Tours - Agence de transport touristique \u00e0 Errachidia Maroc\" \/>\n<meta property=\"article:publisher\" content=\"https:\/\/www.facebook.com\/Hamditours\" \/>\n<meta property=\"article:modified_time\" content=\"2019-12-20T00:58:33+00:00\" \/>\n<meta name=\"twitter:card\" content=\"summary_large_image\" \/>\n<meta name=\"twitter:label1\" content=\"Est. reading time\" \/>\n\t<meta name=\"twitter:data1\" content=\"1 minute\" \/>\n<script type=\"application\/ld+json\" class=\"yoast-schema-graph\">{\"@context\":\"https:\/\/schema.org\",\"@graph\":[{\"@type\":\"WebPage\",\"@id\":\"https:\/\/www.hamditours.com\/circuit-ouarzazate-vallee-du-dades-et-kalaat-magouna\",\"url\":\"https:\/\/www.hamditours.com\/circuit-ouarzazate-vallee-du-dades-et-kalaat-magouna\",\"name\":\"Ouarzazate vall\u00e9e du dad\u00e9s et Kalaat Magouna Tours | Hamdi Tours - Agence de transport touristique \u00e0 Errachidia Maroc\",\"isPartOf\":{\"@id\":\"https:\/\/www.hamditours.com\/#website\"},\"datePublished\":\"2019-12-16T12:17:46+00:00\",\"dateModified\":\"2019-12-20T00:58:33+00:00\",\"breadcrumb\":{\"@id\":\"https:\/\/www.hamditours.com\/circuit-ouarzazate-vallee-du-dades-et-kalaat-magouna#breadcrumb\"},\"inLanguage\":\"en-US\",\"potentialAction\":[{\"@type\":\"ReadAction\",\"target\":[\"https:\/\/www.hamditours.com\/circuit-ouarzazate-vallee-du-dades-et-kalaat-magouna\"]}]},{\"@type\":\"BreadcrumbList\",\"@id\":\"https:\/\/www.hamditours.com\/circuit-ouarzazate-vallee-du-dades-et-kalaat-magouna#breadcrumb\",\"itemListElement\":[{\"@type\":\"ListItem\",\"position\":1,\"name\":\"Home\",\"item\":\"https:\/\/www.hamditours.com\/\"},{\"@type\":\"ListItem\",\"position\":2,\"name\":\"Ouarzazate vall\u00e9e du dad\u00e9s et Kalaat Magouna Tours\"}]},{\"@type\":\"WebSite\",\"@id\":\"https:\/\/www.hamditours.com\/#website\",\"url\":\"https:\/\/www.hamditours.com\/\",\"name\":\"Hamdi Tours - Agence de transport touristique \u00e0 Errachidia Maroc\",\"description\":\"\",\"publisher\":{\"@id\":\"https:\/\/www.hamditours.com\/#organization\"},\"potentialAction\":[{\"@type\":\"SearchAction\",\"target\":{\"@type\":\"EntryPoint\",\"urlTemplate\":\"https:\/\/www.hamditours.com\/?s={search_term_string}\"},\"query-input\":\"required name=search_term_string\"}],\"inLanguage\":\"en-US\"},{\"@type\":\"Organization\",\"@id\":\"https:\/\/www.hamditours.com\/#organization\",\"name\":\"Hamdi Tours\",\"url\":\"https:\/\/www.hamditours.com\/\",\"logo\":{\"@type\":\"ImageObject\",\"inLanguage\":\"en-US\",\"@id\":\"https:\/\/www.hamditours.com\/#\/schema\/logo\/image\/\",\"url\":\"https:\/\/www.hamditours.com\/images\/logo-home.jpg\",\"contentUrl\":\"https:\/\/www.hamditours.com\/images\/logo-home.jpg\",\"width\":800,\"height\":601,\"caption\":\"Hamdi Tours\"},\"image\":{\"@id\":\"https:\/\/www.hamditours.com\/#\/schema\/logo\/image\/\"},\"sameAs\":[\"https:\/\/www.facebook.com\/Hamditours\"]}]}<\/script>\n<!-- \/ Yoast SEO Premium plugin. -->","yoast_head_json":{"title":"Ouarzazate vall\u00e9e du dad\u00e9s et Kalaat Magouna Tours | Hamdi Tours - Agence de transport touristique \u00e0 Errachidia Maroc","robots":{"index":"index","follow":"follow","max-snippet":"max-snippet:-1","max-image-preview":"max-image-preview:large","max-video-preview":"max-video-preview:-1"},"canonical":"https:\/\/www.hamditours.com\/circuit-ouarzazate-vallee-du-dades-et-kalaat-magouna","og_locale":"en_US","og_type":"article","og_title":"Ouarzazate vall\u00e9e du dad\u00e9s et Kalaat Magouna Tours","og_url":"https:\/\/www.hamditours.com\/circuit-ouarzazate-vallee-du-dades-et-kalaat-magouna","og_site_name":"Hamdi Tours - Agence de transport touristique \u00e0 Errachidia Maroc","article_publisher":"https:\/\/www.facebook.com\/Hamditours","article_modified_time":"2019-12-20T00:58:33+00:00","twitter_card":"summary_large_image","twitter_misc":{"Est. reading time":"1 minute"},"schema":{"@context":"https:\/\/schema.org","@graph":[{"@type":"WebPage","@id":"https:\/\/www.hamditours.com\/circuit-ouarzazate-vallee-du-dades-et-kalaat-magouna","url":"https:\/\/www.hamditours.com\/circuit-ouarzazate-vallee-du-dades-et-kalaat-magouna","name":"Ouarzazate vall\u00e9e du dad\u00e9s et Kalaat Magouna Tours | Hamdi Tours - Agence de transport touristique \u00e0 Errachidia Maroc","isPartOf":{"@id":"https:\/\/www.hamditours.com\/#website"},"datePublished":"2019-12-16T12:17:46+00:00","dateModified":"2019-12-20T00:58:33+00:00","breadcrumb":{"@id":"https:\/\/www.hamditours.com\/circuit-ouarzazate-vallee-du-dades-et-kalaat-magouna#breadcrumb"},"inLanguage":"en-US","potentialAction":[{"@type":"ReadAction","target":["https:\/\/www.hamditours.com\/circuit-ouarzazate-vallee-du-dades-et-kalaat-magouna"]}]},{"@type":"BreadcrumbList","@id":"https:\/\/www.hamditours.com\/circuit-ouarzazate-vallee-du-dades-et-kalaat-magouna#breadcrumb","itemListElement":[{"@type":"ListItem","position":1,"name":"Home","item":"https:\/\/www.hamditours.com\/"},{"@type":"ListItem","position":2,"name":"Ouarzazate vall\u00e9e du dad\u00e9s et Kalaat Magouna Tours"}]},{"@type":"WebSite","@id":"https:\/\/www.hamditours.com\/#website","url":"https:\/\/www.hamditours.com\/","name":"Hamdi Tours - Agence de transport touristique \u00e0 Errachidia Maroc","description":"","publisher":{"@id":"https:\/\/www.hamditours.com\/#organization"},"potentialAction":[{"@type":"SearchAction","target":{"@type":"EntryPoint","urlTemplate":"https:\/\/www.hamditours.com\/?s={search_term_string}"},"query-input":"required name=search_term_string"}],"inLanguage":"en-US"},{"@type":"Organization","@id":"https:\/\/www.hamditours.com\/#organization","name":"Hamdi Tours","url":"https:\/\/www.hamditours.com\/","logo":{"@type":"ImageObject","inLanguage":"en-US","@id":"https:\/\/www.hamditours.com\/#\/schema\/logo\/image\/","url":"https:\/\/www.hamditours.com\/images\/logo-home.jpg","contentUrl":"https:\/\/www.hamditours.com\/images\/logo-home.jpg","width":800,"height":601,"caption":"Hamdi Tours"},"image":{"@id":"https:\/\/www.hamditours.com\/#\/schema\/logo\/image\/"},"sameAs":["https:\/\/www.facebook.com\/Hamditours"]}]}},"_links":{"self":[{"href":"https:\/\/www.hamditours.com\/en\/wp-json\/wp\/v2\/pages\/336"}],"collection":[{"href":"https:\/\/www.hamditours.com\/en\/wp-json\/wp\/v2\/pages"}],"about":[{"href":"https:\/\/www.hamditours.com\/en\/wp-json\/wp\/v2\/types\/page"}],"author":[{"embeddable":true,"href":"https:\/\/www.hamditours.com\/en\/wp-json\/wp\/v2\/users\/1"}],"replies":[{"embeddable":true,"href":"https:\/\/www.hamditours.com\/en\/wp-json\/wp\/v2\/comments?post=336"}],"version-history":[{"count":1,"href":"https:\/\/www.hamditours.com\/en\/wp-json\/wp\/v2\/pages\/336\/revisions"}],"predecessor-version":[{"id":338,"href":"https:\/\/www.hamditours.com\/en\/wp-json\/wp\/v2\/pages\/336\/revisions\/338"}],"wp:attachment":[{"href":"https:\/\/www.hamditours.com\/en\/wp-json\/wp\/v2\/media?parent=336"}],"curies":[{"name":"wp","href":"https:\/\/api.w.org\/{rel}","templated":true}]}}